{"id":1195,"date":"2025-08-25T12:23:01","date_gmt":"2025-08-25T10:23:01","guid":{"rendered":"https:\/\/groupepourladanse.fr\/?page_id=1195"},"modified":"2025-08-28T18:57:44","modified_gmt":"2025-08-28T16:57:44","slug":"street-jazz","status":"publish","type":"page","link":"https:\/\/groupepourladanse.fr\/index.php\/street-jazz\/","title":{"rendered":"Street Jazz"},"content":{"rendered":"\n<p>A mi-chemin entre le Hip-Hop et le Modern Jazz, le Street Jazz incorpore dans ses chor\u00e9graphies de la danse contemporaine et du funk. C&#8217;est un style de danse libre et expressif qui permet de l&#8217;interpr\u00e9tation personnelle et de la cr\u00e9ativit\u00e9.<\/p>\n\n\n\n<h3 class=\"wp-block-heading\">HORAIRES<\/h3>\n\n\n\n<ul class=\"wp-block-list\">\n<li>Street Jazz (primaire) : mercredi de 15h45 \u00e0 16h45 &#8211; salle H\u00e9l\u00e8ne Oudoux<\/li>\n<\/ul>\n","protected":false},"excerpt":{"rendered":"<p>A mi-chemin entre le Hip-Hop et le Modern Jazz, le Street Jazz incorpore dans ses chor\u00e9graphies de la danse contemporaine et du funk. C&#8217;est un style de danse libre et expressif qui permet de l&#8217;interpr\u00e9tation personnelle et de la cr\u00e9ativit\u00e9. HORAIRES<\/p>\n","protected":false},"author":1,"featured_media":0,"parent":0,"menu_order":0,"comment_status":"closed","ping_status":"closed","template":"","meta":{"_themeisle_gutenberg_block_has_review":false,"footnotes":""},"class_list":["post-1195","page","type-page","status-publish","hentry"],"yoast_head":"<!-- This site is optimized with the Yoast SEO plugin v25.9 - https:\/\/yoast.com\/wordpress\/plugins\/seo\/ -->\n<title>Street Jazz - Groupe pour la Danse<\/title>\n<meta name=\"robots\" content=\"index, follow, max-snippet:-1, max-image-preview:large, max-video-preview:-1\" \/>\n<link rel=\"canonical\" href=\"https:\/\/groupepourladanse.fr\/index.php\/street-jazz\/\" \/>\n<meta property=\"og:locale\" content=\"en_US\" \/>\n<meta property=\"og:type\" content=\"article\" \/>\n<meta property=\"og:title\" content=\"Street Jazz - Groupe pour la Danse\" \/>\n<meta property=\"og:description\" content=\"A mi-chemin entre le Hip-Hop et le Modern Jazz, le Street Jazz incorpore dans ses chor\u00e9graphies de la danse contemporaine et du funk. C&#8217;est un style de danse libre et expressif qui permet de l&#8217;interpr\u00e9tation personnelle et de la cr\u00e9ativit\u00e9. HORAIRES\" \/>\n<meta property=\"og:url\" content=\"https:\/\/groupepourladanse.fr\/index.php\/street-jazz\/\" \/>\n<meta property=\"og:site_name\" content=\"Groupe pour la Danse\" \/>\n<meta property=\"article:modified_time\" content=\"2025-08-28T16:57:44+00:00\" \/>\n<meta name=\"twitter:card\" content=\"summary_large_image\" \/>\n<meta name=\"twitter:label1\" content=\"Est. reading time\" \/>\n\t<meta name=\"twitter:data1\" content=\"1 minute\" \/>\n<script type=\"application\/ld+json\" class=\"yoast-schema-graph\">{\"@context\":\"https:\/\/schema.org\",\"@graph\":[{\"@type\":\"WebPage\",\"@id\":\"https:\/\/groupepourladanse.fr\/index.php\/street-jazz\/\",\"url\":\"https:\/\/groupepourladanse.fr\/index.php\/street-jazz\/\",\"name\":\"Street Jazz - Groupe pour la Danse\",\"isPartOf\":{\"@id\":\"https:\/\/groupepourladanse.fr\/#website\"},\"datePublished\":\"2025-08-25T10:23:01+00:00\",\"dateModified\":\"2025-08-28T16:57:44+00:00\",\"breadcrumb\":{\"@id\":\"https:\/\/groupepourladanse.fr\/index.php\/street-jazz\/#breadcrumb\"},\"inLanguage\":\"en-US\",\"potentialAction\":[{\"@type\":\"ReadAction\",\"target\":[\"https:\/\/groupepourladanse.fr\/index.php\/street-jazz\/\"]}]},{\"@type\":\"BreadcrumbList\",\"@id\":\"https:\/\/groupepourladanse.fr\/index.php\/street-jazz\/#breadcrumb\",\"itemListElement\":[{\"@type\":\"ListItem\",\"position\":1,\"name\":\"Accueil\",\"item\":\"https:\/\/groupepourladanse.fr\/\"},{\"@type\":\"ListItem\",\"position\":2,\"name\":\"Street Jazz\"}]},{\"@type\":\"WebSite\",\"@id\":\"https:\/\/groupepourladanse.fr\/#website\",\"url\":\"https:\/\/groupepourladanse.fr\/\",\"name\":\"Groupe pour la Danse\",\"description\":\"\",\"publisher\":{\"@id\":\"https:\/\/groupepourladanse.fr\/#organization\"},\"potentialAction\":[{\"@type\":\"SearchAction\",\"target\":{\"@type\":\"EntryPoint\",\"urlTemplate\":\"https:\/\/groupepourladanse.fr\/?s={search_term_string}\"},\"query-input\":{\"@type\":\"PropertyValueSpecification\",\"valueRequired\":true,\"valueName\":\"search_term_string\"}}],\"inLanguage\":\"en-US\"},{\"@type\":\"Organization\",\"@id\":\"https:\/\/groupepourladanse.fr\/#organization\",\"name\":\"Groupe pour la Danse\",\"url\":\"https:\/\/groupepourladanse.fr\/\",\"logo\":{\"@type\":\"ImageObject\",\"inLanguage\":\"en-US\",\"@id\":\"https:\/\/groupepourladanse.fr\/#\/schema\/logo\/image\/\",\"url\":\"https:\/\/groupepourladanse.fr\/wp-content\/uploads\/2023\/11\/LOGO_GROUPE_DANSE_RVB.png\",\"contentUrl\":\"https:\/\/groupepourladanse.fr\/wp-content\/uploads\/2023\/11\/LOGO_GROUPE_DANSE_RVB.png\",\"width\":2052,\"height\":2139,\"caption\":\"Groupe pour la Danse\"},\"image\":{\"@id\":\"https:\/\/groupepourladanse.fr\/#\/schema\/logo\/image\/\"}}]}<\/script>\n<!-- \/ Yoast SEO plugin. -->","yoast_head_json":{"title":"Street Jazz - Groupe pour la Danse","robots":{"index":"index","follow":"follow","max-snippet":"max-snippet:-1","max-image-preview":"max-image-preview:large","max-video-preview":"max-video-preview:-1"},"canonical":"https:\/\/groupepourladanse.fr\/index.php\/street-jazz\/","og_locale":"en_US","og_type":"article","og_title":"Street Jazz - Groupe pour la Danse","og_description":"A mi-chemin entre le Hip-Hop et le Modern Jazz, le Street Jazz incorpore dans ses chor\u00e9graphies de la danse contemporaine et du funk. C&#8217;est un style de danse libre et expressif qui permet de l&#8217;interpr\u00e9tation personnelle et de la cr\u00e9ativit\u00e9. HORAIRES","og_url":"https:\/\/groupepourladanse.fr\/index.php\/street-jazz\/","og_site_name":"Groupe pour la Danse","article_modified_time":"2025-08-28T16:57:44+00:00","twitter_card":"summary_large_image","twitter_misc":{"Est. reading time":"1 minute"},"schema":{"@context":"https:\/\/schema.org","@graph":[{"@type":"WebPage","@id":"https:\/\/groupepourladanse.fr\/index.php\/street-jazz\/","url":"https:\/\/groupepourladanse.fr\/index.php\/street-jazz\/","name":"Street Jazz - Groupe pour la Danse","isPartOf":{"@id":"https:\/\/groupepourladanse.fr\/#website"},"datePublished":"2025-08-25T10:23:01+00:00","dateModified":"2025-08-28T16:57:44+00:00","breadcrumb":{"@id":"https:\/\/groupepourladanse.fr\/index.php\/street-jazz\/#breadcrumb"},"inLanguage":"en-US","potentialAction":[{"@type":"ReadAction","target":["https:\/\/groupepourladanse.fr\/index.php\/street-jazz\/"]}]},{"@type":"BreadcrumbList","@id":"https:\/\/groupepourladanse.fr\/index.php\/street-jazz\/#breadcrumb","itemListElement":[{"@type":"ListItem","position":1,"name":"Accueil","item":"https:\/\/groupepourladanse.fr\/"},{"@type":"ListItem","position":2,"name":"Street Jazz"}]},{"@type":"WebSite","@id":"https:\/\/groupepourladanse.fr\/#website","url":"https:\/\/groupepourladanse.fr\/","name":"Groupe pour la Danse","description":"","publisher":{"@id":"https:\/\/groupepourladanse.fr\/#organization"},"potentialAction":[{"@type":"SearchAction","target":{"@type":"EntryPoint","urlTemplate":"https:\/\/groupepourladanse.fr\/?s={search_term_string}"},"query-input":{"@type":"PropertyValueSpecification","valueRequired":true,"valueName":"search_term_string"}}],"inLanguage":"en-US"},{"@type":"Organization","@id":"https:\/\/groupepourladanse.fr\/#organization","name":"Groupe pour la Danse","url":"https:\/\/groupepourladanse.fr\/","logo":{"@type":"ImageObject","inLanguage":"en-US","@id":"https:\/\/groupepourladanse.fr\/#\/schema\/logo\/image\/","url":"https:\/\/groupepourladanse.fr\/wp-content\/uploads\/2023\/11\/LOGO_GROUPE_DANSE_RVB.png","contentUrl":"https:\/\/groupepourladanse.fr\/wp-content\/uploads\/2023\/11\/LOGO_GROUPE_DANSE_RVB.png","width":2052,"height":2139,"caption":"Groupe pour la Danse"},"image":{"@id":"https:\/\/groupepourladanse.fr\/#\/schema\/logo\/image\/"}}]}},"_links":{"self":[{"href":"https:\/\/groupepourladanse.fr\/index.php\/wp-json\/wp\/v2\/pages\/1195","targetHints":{"allow":["GET"]}}],"collection":[{"href":"https:\/\/groupepourladanse.fr\/index.php\/wp-json\/wp\/v2\/pages"}],"about":[{"href":"https:\/\/groupepourladanse.fr\/index.php\/wp-json\/wp\/v2\/types\/page"}],"author":[{"embeddable":true,"href":"https:\/\/groupepourladanse.fr\/index.php\/wp-json\/wp\/v2\/users\/1"}],"replies":[{"embeddable":true,"href":"https:\/\/groupepourladanse.fr\/index.php\/wp-json\/wp\/v2\/comments?post=1195"}],"version-history":[{"count":3,"href":"https:\/\/groupepourladanse.fr\/index.php\/wp-json\/wp\/v2\/pages\/1195\/revisions"}],"predecessor-version":[{"id":1222,"href":"https:\/\/groupepourladanse.fr\/index.php\/wp-json\/wp\/v2\/pages\/1195\/revisions\/1222"}],"wp:attachment":[{"href":"https:\/\/groupepourladanse.fr\/index.php\/wp-json\/wp\/v2\/media?parent=1195"}],"curies":[{"name":"wp","href":"https:\/\/api.w.org\/{rel}","templated":true}]}}