{"id":228,"date":"2023-09-05T07:48:02","date_gmt":"2023-09-05T05:48:02","guid":{"rendered":"https:\/\/groupepourladanse.fr\/?page_id=228"},"modified":"2024-07-31T10:29:37","modified_gmt":"2024-07-31T08:29:37","slug":"latin-moov","status":"publish","type":"page","link":"https:\/\/groupepourladanse.fr\/index.php\/latin-moov\/","title":{"rendered":"Latin moov"},"content":{"rendered":"\n<p>Danse dynamique et chaleureuse, le Latin Moov est chor\u00e9graphi\u00e9 sur la base de danses latines comme la salsa, le mambo, le reggaeton ou encore le merengue. Le tout sur des musiques latinos pop entrainantes.<\/p>\n\n\n\n<div style=\"height:50px\" aria-hidden=\"true\" class=\"wp-block-spacer\"><\/div>\n\n\n\n<figure class=\"wp-block-image size-full\"><img loading=\"lazy\" decoding=\"async\" width=\"950\" height=\"342\" src=\"https:\/\/groupepourladanse.fr\/wp-content\/uploads\/2023\/11\/Latin-moov-6-ok.png\" alt=\"\" class=\"wp-image-745\" srcset=\"https:\/\/groupepourladanse.fr\/wp-content\/uploads\/2023\/11\/Latin-moov-6-ok.png 950w, https:\/\/groupepourladanse.fr\/wp-content\/uploads\/2023\/11\/Latin-moov-6-ok-300x108.png 300w, https:\/\/groupepourladanse.fr\/wp-content\/uploads\/2023\/11\/Latin-moov-6-ok-768x276.png 768w\" sizes=\"auto, (max-width: 950px) 100vw, 950px\" \/><\/figure>\n\n\n\n<div style=\"height:50px\" aria-hidden=\"true\" class=\"wp-block-spacer\"><\/div>\n\n\n\n<h3 class=\"wp-block-heading\">HORAIRES<\/h3>\n\n\n\n<ul class=\"wp-block-list\">\n<li>Latin moov s\u00e9niors : lundi de 10h30 \u00e0 11h30 &#8211; salle H\u00e9l\u00e8ne Oudoux<\/li>\n\n\n\n<li>Latin moov (d\u00e8s 16 ans) : mardi de 20h \u00e0 21h &#8211; salle H\u00e9l\u00e8ne Oudoux<\/li>\n\n\n\n<li>Latin moov s\u00e9niors : jeudi de 10h30 \u00e0 11h30 &#8211; salle H\u00e9l\u00e8ne Oudoux<\/li>\n<\/ul>\n\n\n\n<div style=\"height:70px\" aria-hidden=\"true\" class=\"wp-block-spacer\"><\/div>\n","protected":false},"excerpt":{"rendered":"<p>Danse dynamique et chaleureuse, le Latin Moov est chor\u00e9graphi\u00e9 sur la base de danses latines comme la salsa, le mambo, le reggaeton ou encore le merengue. Le tout sur des musiques latinos pop entrainantes. HORAIRES<\/p>\n","protected":false},"author":1,"featured_media":0,"parent":0,"menu_order":0,"comment_status":"closed","ping_status":"closed","template":"","meta":{"_themeisle_gutenberg_block_has_review":false,"footnotes":""},"class_list":["post-228","page","type-page","status-publish","hentry"],"yoast_head":"<!-- This site is optimized with the Yoast SEO plugin v25.9 - https:\/\/yoast.com\/wordpress\/plugins\/seo\/ -->\n<title>Latin moov - Groupe pour la Danse<\/title>\n<meta name=\"robots\" content=\"index, follow, max-snippet:-1, max-image-preview:large, max-video-preview:-1\" \/>\n<link rel=\"canonical\" href=\"https:\/\/groupepourladanse.fr\/index.php\/latin-moov\/\" \/>\n<meta property=\"og:locale\" content=\"en_US\" \/>\n<meta property=\"og:type\" content=\"article\" \/>\n<meta property=\"og:title\" content=\"Latin moov - Groupe pour la Danse\" \/>\n<meta property=\"og:description\" content=\"Danse dynamique et chaleureuse, le Latin Moov est chor\u00e9graphi\u00e9 sur la base de danses latines comme la salsa, le mambo, le reggaeton ou encore le merengue. Le tout sur des musiques latinos pop entrainantes. HORAIRES\" \/>\n<meta property=\"og:url\" content=\"https:\/\/groupepourladanse.fr\/index.php\/latin-moov\/\" \/>\n<meta property=\"og:site_name\" content=\"Groupe pour la Danse\" \/>\n<meta property=\"article:modified_time\" content=\"2024-07-31T08:29:37+00:00\" \/>\n<meta property=\"og:image\" content=\"https:\/\/groupepourladanse.fr\/wp-content\/uploads\/2023\/11\/Latin-moov-6-ok.png\" \/>\n<meta name=\"twitter:card\" content=\"summary_large_image\" \/>\n<meta name=\"twitter:label1\" content=\"Est. reading time\" \/>\n\t<meta name=\"twitter:data1\" content=\"1 minute\" \/>\n<script type=\"application\/ld+json\" class=\"yoast-schema-graph\">{\"@context\":\"https:\/\/schema.org\",\"@graph\":[{\"@type\":\"WebPage\",\"@id\":\"https:\/\/groupepourladanse.fr\/index.php\/latin-moov\/\",\"url\":\"https:\/\/groupepourladanse.fr\/index.php\/latin-moov\/\",\"name\":\"Latin moov - Groupe pour la Danse\",\"isPartOf\":{\"@id\":\"https:\/\/groupepourladanse.fr\/#website\"},\"primaryImageOfPage\":{\"@id\":\"https:\/\/groupepourladanse.fr\/index.php\/latin-moov\/#primaryimage\"},\"image\":{\"@id\":\"https:\/\/groupepourladanse.fr\/index.php\/latin-moov\/#primaryimage\"},\"thumbnailUrl\":\"https:\/\/groupepourladanse.fr\/wp-content\/uploads\/2023\/11\/Latin-moov-6-ok.png\",\"datePublished\":\"2023-09-05T05:48:02+00:00\",\"dateModified\":\"2024-07-31T08:29:37+00:00\",\"breadcrumb\":{\"@id\":\"https:\/\/groupepourladanse.fr\/index.php\/latin-moov\/#breadcrumb\"},\"inLanguage\":\"en-US\",\"potentialAction\":[{\"@type\":\"ReadAction\",\"target\":[\"https:\/\/groupepourladanse.fr\/index.php\/latin-moov\/\"]}]},{\"@type\":\"ImageObject\",\"inLanguage\":\"en-US\",\"@id\":\"https:\/\/groupepourladanse.fr\/index.php\/latin-moov\/#primaryimage\",\"url\":\"https:\/\/groupepourladanse.fr\/wp-content\/uploads\/2023\/11\/Latin-moov-6-ok.png\",\"contentUrl\":\"https:\/\/groupepourladanse.fr\/wp-content\/uploads\/2023\/11\/Latin-moov-6-ok.png\",\"width\":950,\"height\":342},{\"@type\":\"BreadcrumbList\",\"@id\":\"https:\/\/groupepourladanse.fr\/index.php\/latin-moov\/#breadcrumb\",\"itemListElement\":[{\"@type\":\"ListItem\",\"position\":1,\"name\":\"Accueil\",\"item\":\"https:\/\/groupepourladanse.fr\/\"},{\"@type\":\"ListItem\",\"position\":2,\"name\":\"Latin moov\"}]},{\"@type\":\"WebSite\",\"@id\":\"https:\/\/groupepourladanse.fr\/#website\",\"url\":\"https:\/\/groupepourladanse.fr\/\",\"name\":\"Groupe pour la Danse\",\"description\":\"\",\"publisher\":{\"@id\":\"https:\/\/groupepourladanse.fr\/#organization\"},\"potentialAction\":[{\"@type\":\"SearchAction\",\"target\":{\"@type\":\"EntryPoint\",\"urlTemplate\":\"https:\/\/groupepourladanse.fr\/?s={search_term_string}\"},\"query-input\":{\"@type\":\"PropertyValueSpecification\",\"valueRequired\":true,\"valueName\":\"search_term_string\"}}],\"inLanguage\":\"en-US\"},{\"@type\":\"Organization\",\"@id\":\"https:\/\/groupepourladanse.fr\/#organization\",\"name\":\"Groupe pour la Danse\",\"url\":\"https:\/\/groupepourladanse.fr\/\",\"logo\":{\"@type\":\"ImageObject\",\"inLanguage\":\"en-US\",\"@id\":\"https:\/\/groupepourladanse.fr\/#\/schema\/logo\/image\/\",\"url\":\"https:\/\/groupepourladanse.fr\/wp-content\/uploads\/2023\/11\/LOGO_GROUPE_DANSE_RVB.png\",\"contentUrl\":\"https:\/\/groupepourladanse.fr\/wp-content\/uploads\/2023\/11\/LOGO_GROUPE_DANSE_RVB.png\",\"width\":2052,\"height\":2139,\"caption\":\"Groupe pour la Danse\"},\"image\":{\"@id\":\"https:\/\/groupepourladanse.fr\/#\/schema\/logo\/image\/\"}}]}<\/script>\n<!-- \/ Yoast SEO plugin. -->","yoast_head_json":{"title":"Latin moov - Groupe pour la Danse","robots":{"index":"index","follow":"follow","max-snippet":"max-snippet:-1","max-image-preview":"max-image-preview:large","max-video-preview":"max-video-preview:-1"},"canonical":"https:\/\/groupepourladanse.fr\/index.php\/latin-moov\/","og_locale":"en_US","og_type":"article","og_title":"Latin moov - Groupe pour la Danse","og_description":"Danse dynamique et chaleureuse, le Latin Moov est chor\u00e9graphi\u00e9 sur la base de danses latines comme la salsa, le mambo, le reggaeton ou encore le merengue. Le tout sur des musiques latinos pop entrainantes. HORAIRES","og_url":"https:\/\/groupepourladanse.fr\/index.php\/latin-moov\/","og_site_name":"Groupe pour la Danse","article_modified_time":"2024-07-31T08:29:37+00:00","og_image":[{"url":"https:\/\/groupepourladanse.fr\/wp-content\/uploads\/2023\/11\/Latin-moov-6-ok.png","type":"","width":"","height":""}],"twitter_card":"summary_large_image","twitter_misc":{"Est. reading time":"1 minute"},"schema":{"@context":"https:\/\/schema.org","@graph":[{"@type":"WebPage","@id":"https:\/\/groupepourladanse.fr\/index.php\/latin-moov\/","url":"https:\/\/groupepourladanse.fr\/index.php\/latin-moov\/","name":"Latin moov - Groupe pour la Danse","isPartOf":{"@id":"https:\/\/groupepourladanse.fr\/#website"},"primaryImageOfPage":{"@id":"https:\/\/groupepourladanse.fr\/index.php\/latin-moov\/#primaryimage"},"image":{"@id":"https:\/\/groupepourladanse.fr\/index.php\/latin-moov\/#primaryimage"},"thumbnailUrl":"https:\/\/groupepourladanse.fr\/wp-content\/uploads\/2023\/11\/Latin-moov-6-ok.png","datePublished":"2023-09-05T05:48:02+00:00","dateModified":"2024-07-31T08:29:37+00:00","breadcrumb":{"@id":"https:\/\/groupepourladanse.fr\/index.php\/latin-moov\/#breadcrumb"},"inLanguage":"en-US","potentialAction":[{"@type":"ReadAction","target":["https:\/\/groupepourladanse.fr\/index.php\/latin-moov\/"]}]},{"@type":"ImageObject","inLanguage":"en-US","@id":"https:\/\/groupepourladanse.fr\/index.php\/latin-moov\/#primaryimage","url":"https:\/\/groupepourladanse.fr\/wp-content\/uploads\/2023\/11\/Latin-moov-6-ok.png","contentUrl":"https:\/\/groupepourladanse.fr\/wp-content\/uploads\/2023\/11\/Latin-moov-6-ok.png","width":950,"height":342},{"@type":"BreadcrumbList","@id":"https:\/\/groupepourladanse.fr\/index.php\/latin-moov\/#breadcrumb","itemListElement":[{"@type":"ListItem","position":1,"name":"Accueil","item":"https:\/\/groupepourladanse.fr\/"},{"@type":"ListItem","position":2,"name":"Latin moov"}]},{"@type":"WebSite","@id":"https:\/\/groupepourladanse.fr\/#website","url":"https:\/\/groupepourladanse.fr\/","name":"Groupe pour la Danse","description":"","publisher":{"@id":"https:\/\/groupepourladanse.fr\/#organization"},"potentialAction":[{"@type":"SearchAction","target":{"@type":"EntryPoint","urlTemplate":"https:\/\/groupepourladanse.fr\/?s={search_term_string}"},"query-input":{"@type":"PropertyValueSpecification","valueRequired":true,"valueName":"search_term_string"}}],"inLanguage":"en-US"},{"@type":"Organization","@id":"https:\/\/groupepourladanse.fr\/#organization","name":"Groupe pour la Danse","url":"https:\/\/groupepourladanse.fr\/","logo":{"@type":"ImageObject","inLanguage":"en-US","@id":"https:\/\/groupepourladanse.fr\/#\/schema\/logo\/image\/","url":"https:\/\/groupepourladanse.fr\/wp-content\/uploads\/2023\/11\/LOGO_GROUPE_DANSE_RVB.png","contentUrl":"https:\/\/groupepourladanse.fr\/wp-content\/uploads\/2023\/11\/LOGO_GROUPE_DANSE_RVB.png","width":2052,"height":2139,"caption":"Groupe pour la Danse"},"image":{"@id":"https:\/\/groupepourladanse.fr\/#\/schema\/logo\/image\/"}}]}},"_links":{"self":[{"href":"https:\/\/groupepourladanse.fr\/index.php\/wp-json\/wp\/v2\/pages\/228","targetHints":{"allow":["GET"]}}],"collection":[{"href":"https:\/\/groupepourladanse.fr\/index.php\/wp-json\/wp\/v2\/pages"}],"about":[{"href":"https:\/\/groupepourladanse.fr\/index.php\/wp-json\/wp\/v2\/types\/page"}],"author":[{"embeddable":true,"href":"https:\/\/groupepourladanse.fr\/index.php\/wp-json\/wp\/v2\/users\/1"}],"replies":[{"embeddable":true,"href":"https:\/\/groupepourladanse.fr\/index.php\/wp-json\/wp\/v2\/comments?post=228"}],"version-history":[{"count":9,"href":"https:\/\/groupepourladanse.fr\/index.php\/wp-json\/wp\/v2\/pages\/228\/revisions"}],"predecessor-version":[{"id":1025,"href":"https:\/\/groupepourladanse.fr\/index.php\/wp-json\/wp\/v2\/pages\/228\/revisions\/1025"}],"wp:attachment":[{"href":"https:\/\/groupepourladanse.fr\/index.php\/wp-json\/wp\/v2\/media?parent=228"}],"curies":[{"name":"wp","href":"https:\/\/api.w.org\/{rel}","templated":true}]}}