{"id":274,"date":"2023-09-06T15:53:53","date_gmt":"2023-09-06T13:53:53","guid":{"rendered":"https:\/\/groupepourladanse.fr\/?page_id=274"},"modified":"2025-01-29T20:20:45","modified_gmt":"2025-01-29T19:20:45","slug":"venir-aux-cours","status":"publish","type":"page","link":"https:\/\/groupepourladanse.fr\/index.php\/venir-aux-cours\/","title":{"rendered":"Venir aux cours"},"content":{"rendered":"\n<h2 class=\"wp-block-heading\">Les salles<\/h2>\n\n\n\n<p>Nos cours se d\u00e9roulent principalement dans le quartier de Villaine \u00e0 Massy.<\/p>\n\n\n\n<ul class=\"wp-block-list\">\n<li>Une salle de danse am\u00e9nag\u00e9e dans les locaux de la m\u00e9diath\u00e8que H\u00e9l\u00e8ne Oudoux, all\u00e9e Albert Thomas (entr\u00e9e sur le c\u00f4t\u00e9 gauche du b\u00e2timent).<\/li>\n\n\n\n<li>Une salle situ\u00e9e dans l&#8217;\u00e9cole \u00e9l\u00e9mentaire L\u00e9on Gambetta, au centre-ville, entr\u00e9e rue Eug\u00e8ne Cretel au niveau du CMPP.<\/li>\n<\/ul>\n\n\n\n<div class=\"wp-block-group\"><div class=\"wp-block-group__inner-container is-layout-constrained wp-block-group-is-layout-constrained\">\n<iframe loading=\"lazy\" src=\"https:\/\/www.google.com\/maps\/d\/u\/1\/embed?mid=1c98hdB22fnEOffhqUz-mCce8dcHIrBM&#038;ehbc=2E312F\" width=\"640\" height=\"480\"><\/iframe>\n<\/div><\/div>\n\n\n\n<h2 class=\"wp-block-heading\">Comment venir ?<\/h2>\n\n\n\n<p>La m\u00e9diath\u00e8que H. Oudoux est accessible <strong>en voiture<\/strong> avec plusieurs parkings \u00e0 proximit\u00e9, et <strong>en bus<\/strong> avec les lignes 119 et 196 : arr\u00eat &#8220;Boulevard du 1er mai&#8221;.<\/p>\n\n\n\n<p>L&#8217;\u00c9cole Gambetta est accessible <strong>en voiture<\/strong> avec un parking \u00e0 proximit\u00e9, et <strong>en bus<\/strong> avec les lignes 119, 319 et J : arr\u00eat &#8220;Gabriel P\u00e9ri&#8221; (ou &#8220;Gambetta &#8211; Mairie&#8221; dans un sens pour la ligne J).<\/p>\n","protected":false},"excerpt":{"rendered":"<p>Les salles Nos cours se d\u00e9roulent principalement dans le quartier de Villaine \u00e0 Massy. Comment venir ? La m\u00e9diath\u00e8que H. Oudoux est accessible en voiture avec plusieurs parkings \u00e0 proximit\u00e9, et en bus avec les lignes 119 et 196 : arr\u00eat &#8220;Boulevard du 1er mai&#8221;. L&#8217;\u00c9cole Gambetta est accessible en [&hellip;]<\/p>\n","protected":false},"author":1,"featured_media":0,"parent":0,"menu_order":0,"comment_status":"closed","ping_status":"closed","template":"","meta":{"_themeisle_gutenberg_block_has_review":false,"footnotes":""},"class_list":["post-274","page","type-page","status-publish","hentry"],"yoast_head":"<!-- This site is optimized with the Yoast SEO plugin v25.9 - https:\/\/yoast.com\/wordpress\/plugins\/seo\/ -->\n<title>Venir aux cours - Groupe pour la Danse<\/title>\n<meta name=\"robots\" content=\"index, follow, max-snippet:-1, max-image-preview:large, max-video-preview:-1\" \/>\n<link rel=\"canonical\" href=\"https:\/\/groupepourladanse.fr\/index.php\/venir-aux-cours\/\" \/>\n<meta property=\"og:locale\" content=\"en_US\" \/>\n<meta property=\"og:type\" content=\"article\" \/>\n<meta property=\"og:title\" content=\"Venir aux cours - Groupe pour la Danse\" \/>\n<meta property=\"og:description\" content=\"Les salles Nos cours se d\u00e9roulent principalement dans le quartier de Villaine \u00e0 Massy. Comment venir ? La m\u00e9diath\u00e8que H. Oudoux est accessible en voiture avec plusieurs parkings \u00e0 proximit\u00e9, et en bus avec les lignes 119 et 196 : arr\u00eat &#8220;Boulevard du 1er mai&#8221;. L&#8217;\u00c9cole Gambetta est accessible en [&hellip;]\" \/>\n<meta property=\"og:url\" content=\"https:\/\/groupepourladanse.fr\/index.php\/venir-aux-cours\/\" \/>\n<meta property=\"og:site_name\" content=\"Groupe pour la Danse\" \/>\n<meta property=\"article:modified_time\" content=\"2025-01-29T19:20:45+00:00\" \/>\n<meta name=\"twitter:card\" content=\"summary_large_image\" \/>\n<meta name=\"twitter:label1\" content=\"Est. reading time\" \/>\n\t<meta name=\"twitter:data1\" content=\"1 minute\" \/>\n<script type=\"application\/ld+json\" class=\"yoast-schema-graph\">{\"@context\":\"https:\/\/schema.org\",\"@graph\":[{\"@type\":\"WebPage\",\"@id\":\"https:\/\/groupepourladanse.fr\/index.php\/venir-aux-cours\/\",\"url\":\"https:\/\/groupepourladanse.fr\/index.php\/venir-aux-cours\/\",\"name\":\"Venir aux cours - Groupe pour la Danse\",\"isPartOf\":{\"@id\":\"https:\/\/groupepourladanse.fr\/#website\"},\"datePublished\":\"2023-09-06T13:53:53+00:00\",\"dateModified\":\"2025-01-29T19:20:45+00:00\",\"breadcrumb\":{\"@id\":\"https:\/\/groupepourladanse.fr\/index.php\/venir-aux-cours\/#breadcrumb\"},\"inLanguage\":\"en-US\",\"potentialAction\":[{\"@type\":\"ReadAction\",\"target\":[\"https:\/\/groupepourladanse.fr\/index.php\/venir-aux-cours\/\"]}]},{\"@type\":\"BreadcrumbList\",\"@id\":\"https:\/\/groupepourladanse.fr\/index.php\/venir-aux-cours\/#breadcrumb\",\"itemListElement\":[{\"@type\":\"ListItem\",\"position\":1,\"name\":\"Accueil\",\"item\":\"https:\/\/groupepourladanse.fr\/\"},{\"@type\":\"ListItem\",\"position\":2,\"name\":\"Venir aux cours\"}]},{\"@type\":\"WebSite\",\"@id\":\"https:\/\/groupepourladanse.fr\/#website\",\"url\":\"https:\/\/groupepourladanse.fr\/\",\"name\":\"Groupe pour la Danse\",\"description\":\"\",\"publisher\":{\"@id\":\"https:\/\/groupepourladanse.fr\/#organization\"},\"potentialAction\":[{\"@type\":\"SearchAction\",\"target\":{\"@type\":\"EntryPoint\",\"urlTemplate\":\"https:\/\/groupepourladanse.fr\/?s={search_term_string}\"},\"query-input\":{\"@type\":\"PropertyValueSpecification\",\"valueRequired\":true,\"valueName\":\"search_term_string\"}}],\"inLanguage\":\"en-US\"},{\"@type\":\"Organization\",\"@id\":\"https:\/\/groupepourladanse.fr\/#organization\",\"name\":\"Groupe pour la Danse\",\"url\":\"https:\/\/groupepourladanse.fr\/\",\"logo\":{\"@type\":\"ImageObject\",\"inLanguage\":\"en-US\",\"@id\":\"https:\/\/groupepourladanse.fr\/#\/schema\/logo\/image\/\",\"url\":\"https:\/\/groupepourladanse.fr\/wp-content\/uploads\/2023\/11\/LOGO_GROUPE_DANSE_RVB.png\",\"contentUrl\":\"https:\/\/groupepourladanse.fr\/wp-content\/uploads\/2023\/11\/LOGO_GROUPE_DANSE_RVB.png\",\"width\":2052,\"height\":2139,\"caption\":\"Groupe pour la Danse\"},\"image\":{\"@id\":\"https:\/\/groupepourladanse.fr\/#\/schema\/logo\/image\/\"}}]}<\/script>\n<!-- \/ Yoast SEO plugin. -->","yoast_head_json":{"title":"Venir aux cours - Groupe pour la Danse","robots":{"index":"index","follow":"follow","max-snippet":"max-snippet:-1","max-image-preview":"max-image-preview:large","max-video-preview":"max-video-preview:-1"},"canonical":"https:\/\/groupepourladanse.fr\/index.php\/venir-aux-cours\/","og_locale":"en_US","og_type":"article","og_title":"Venir aux cours - Groupe pour la Danse","og_description":"Les salles Nos cours se d\u00e9roulent principalement dans le quartier de Villaine \u00e0 Massy. Comment venir ? La m\u00e9diath\u00e8que H. Oudoux est accessible en voiture avec plusieurs parkings \u00e0 proximit\u00e9, et en bus avec les lignes 119 et 196 : arr\u00eat &#8220;Boulevard du 1er mai&#8221;. L&#8217;\u00c9cole Gambetta est accessible en [&hellip;]","og_url":"https:\/\/groupepourladanse.fr\/index.php\/venir-aux-cours\/","og_site_name":"Groupe pour la Danse","article_modified_time":"2025-01-29T19:20:45+00:00","twitter_card":"summary_large_image","twitter_misc":{"Est. reading time":"1 minute"},"schema":{"@context":"https:\/\/schema.org","@graph":[{"@type":"WebPage","@id":"https:\/\/groupepourladanse.fr\/index.php\/venir-aux-cours\/","url":"https:\/\/groupepourladanse.fr\/index.php\/venir-aux-cours\/","name":"Venir aux cours - Groupe pour la Danse","isPartOf":{"@id":"https:\/\/groupepourladanse.fr\/#website"},"datePublished":"2023-09-06T13:53:53+00:00","dateModified":"2025-01-29T19:20:45+00:00","breadcrumb":{"@id":"https:\/\/groupepourladanse.fr\/index.php\/venir-aux-cours\/#breadcrumb"},"inLanguage":"en-US","potentialAction":[{"@type":"ReadAction","target":["https:\/\/groupepourladanse.fr\/index.php\/venir-aux-cours\/"]}]},{"@type":"BreadcrumbList","@id":"https:\/\/groupepourladanse.fr\/index.php\/venir-aux-cours\/#breadcrumb","itemListElement":[{"@type":"ListItem","position":1,"name":"Accueil","item":"https:\/\/groupepourladanse.fr\/"},{"@type":"ListItem","position":2,"name":"Venir aux cours"}]},{"@type":"WebSite","@id":"https:\/\/groupepourladanse.fr\/#website","url":"https:\/\/groupepourladanse.fr\/","name":"Groupe pour la Danse","description":"","publisher":{"@id":"https:\/\/groupepourladanse.fr\/#organization"},"potentialAction":[{"@type":"SearchAction","target":{"@type":"EntryPoint","urlTemplate":"https:\/\/groupepourladanse.fr\/?s={search_term_string}"},"query-input":{"@type":"PropertyValueSpecification","valueRequired":true,"valueName":"search_term_string"}}],"inLanguage":"en-US"},{"@type":"Organization","@id":"https:\/\/groupepourladanse.fr\/#organization","name":"Groupe pour la Danse","url":"https:\/\/groupepourladanse.fr\/","logo":{"@type":"ImageObject","inLanguage":"en-US","@id":"https:\/\/groupepourladanse.fr\/#\/schema\/logo\/image\/","url":"https:\/\/groupepourladanse.fr\/wp-content\/uploads\/2023\/11\/LOGO_GROUPE_DANSE_RVB.png","contentUrl":"https:\/\/groupepourladanse.fr\/wp-content\/uploads\/2023\/11\/LOGO_GROUPE_DANSE_RVB.png","width":2052,"height":2139,"caption":"Groupe pour la Danse"},"image":{"@id":"https:\/\/groupepourladanse.fr\/#\/schema\/logo\/image\/"}}]}},"_links":{"self":[{"href":"https:\/\/groupepourladanse.fr\/index.php\/wp-json\/wp\/v2\/pages\/274","targetHints":{"allow":["GET"]}}],"collection":[{"href":"https:\/\/groupepourladanse.fr\/index.php\/wp-json\/wp\/v2\/pages"}],"about":[{"href":"https:\/\/groupepourladanse.fr\/index.php\/wp-json\/wp\/v2\/types\/page"}],"author":[{"embeddable":true,"href":"https:\/\/groupepourladanse.fr\/index.php\/wp-json\/wp\/v2\/users\/1"}],"replies":[{"embeddable":true,"href":"https:\/\/groupepourladanse.fr\/index.php\/wp-json\/wp\/v2\/comments?post=274"}],"version-history":[{"count":15,"href":"https:\/\/groupepourladanse.fr\/index.php\/wp-json\/wp\/v2\/pages\/274\/revisions"}],"predecessor-version":[{"id":1170,"href":"https:\/\/groupepourladanse.fr\/index.php\/wp-json\/wp\/v2\/pages\/274\/revisions\/1170"}],"wp:attachment":[{"href":"https:\/\/groupepourladanse.fr\/index.php\/wp-json\/wp\/v2\/media?parent=274"}],"curies":[{"name":"wp","href":"https:\/\/api.w.org\/{rel}","templated":true}]}}