{"id":285,"date":"2023-09-06T16:01:24","date_gmt":"2023-09-06T14:01:24","guid":{"rendered":"https:\/\/groupepourladanse.fr\/?page_id=285"},"modified":"2025-08-28T20:41:02","modified_gmt":"2025-08-28T18:41:02","slug":"sinscrire","status":"publish","type":"page","link":"https:\/\/groupepourladanse.fr\/index.php\/sinscrire\/","title":{"rendered":"Inscriptions et contact"},"content":{"rendered":"\n<p>Les inscriptions se d\u00e9roulent d\u00e9but septembre\u00a0:<\/p>\n\n\n\n<ul class=\"wp-block-list\">\n<li>Le mercredi 3 septembre 2025 de 18h \u00e0 20h \u00e0 la salle H\u00e9l\u00e8ne Oudoux<br><\/li>\n\n\n\n<li>Le samedi 6 septembre 2025 de 10h \u00e0 18h \u00e0 la F\u00eate des associations de Massy<\/li>\n<\/ul>\n\n\n\n<p>Si vous n\u2019\u00eates pas disponible, vous pouvez nous contacter directement par mail.<\/p>\n\n\n\n<p>Si vous h\u00e9sitez, vous pouvez \u00e9galement r\u00e9aliser un cours d\u2019essai gratuit pendant tout le mois de septembre&nbsp;!<\/p>\n\n\n\n<p>Pour toute demande d\u2019inscription ou de renseignement, vous pouvez nous contacter par mail \u00e0&nbsp;<a href=\"mailto:groupepourladanse@gmail.com\" target=\"_blank\" rel=\"noreferrer noopener\">groupepourladanse@gmail.com<\/a><\/p>\n\n\n\n<div style=\"height:70px\" aria-hidden=\"true\" class=\"wp-block-spacer\"><\/div>\n","protected":false},"excerpt":{"rendered":"<p>Les inscriptions se d\u00e9roulent d\u00e9but septembre\u00a0: Si vous n\u2019\u00eates pas disponible, vous pouvez nous contacter directement par mail. Si vous h\u00e9sitez, vous pouvez \u00e9galement r\u00e9aliser un cours d\u2019essai gratuit pendant tout le mois de septembre&nbsp;! Pour toute demande d\u2019inscription ou de renseignement, vous pouvez nous contacter par mail \u00e0&nbsp;groupepourladanse@gmail.com<\/p>\n","protected":false},"author":1,"featured_media":0,"parent":0,"menu_order":0,"comment_status":"closed","ping_status":"closed","template":"","meta":{"_themeisle_gutenberg_block_has_review":false,"footnotes":""},"class_list":["post-285","page","type-page","status-publish","hentry"],"yoast_head":"<!-- This site is optimized with the Yoast SEO plugin v25.9 - https:\/\/yoast.com\/wordpress\/plugins\/seo\/ -->\n<title>Inscriptions et contact - Groupe pour la Danse<\/title>\n<meta name=\"robots\" content=\"index, follow, max-snippet:-1, max-image-preview:large, max-video-preview:-1\" \/>\n<link rel=\"canonical\" href=\"https:\/\/groupepourladanse.fr\/index.php\/sinscrire\/\" \/>\n<meta property=\"og:locale\" content=\"en_US\" \/>\n<meta property=\"og:type\" content=\"article\" \/>\n<meta property=\"og:title\" content=\"Inscriptions et contact - Groupe pour la Danse\" \/>\n<meta property=\"og:description\" content=\"Les inscriptions se d\u00e9roulent d\u00e9but septembre\u00a0: Si vous n\u2019\u00eates pas disponible, vous pouvez nous contacter directement par mail. Si vous h\u00e9sitez, vous pouvez \u00e9galement r\u00e9aliser un cours d\u2019essai gratuit pendant tout le mois de septembre&nbsp;! Pour toute demande d\u2019inscription ou de renseignement, vous pouvez nous contacter par mail \u00e0&nbsp;groupepourladanse@gmail.com\" \/>\n<meta property=\"og:url\" content=\"https:\/\/groupepourladanse.fr\/index.php\/sinscrire\/\" \/>\n<meta property=\"og:site_name\" content=\"Groupe pour la Danse\" \/>\n<meta property=\"article:modified_time\" content=\"2025-08-28T18:41:02+00:00\" \/>\n<meta name=\"twitter:card\" content=\"summary_large_image\" \/>\n<meta name=\"twitter:label1\" content=\"Est. reading time\" \/>\n\t<meta name=\"twitter:data1\" content=\"1 minute\" \/>\n<script type=\"application\/ld+json\" class=\"yoast-schema-graph\">{\"@context\":\"https:\/\/schema.org\",\"@graph\":[{\"@type\":\"WebPage\",\"@id\":\"https:\/\/groupepourladanse.fr\/index.php\/sinscrire\/\",\"url\":\"https:\/\/groupepourladanse.fr\/index.php\/sinscrire\/\",\"name\":\"Inscriptions et contact - Groupe pour la Danse\",\"isPartOf\":{\"@id\":\"https:\/\/groupepourladanse.fr\/#website\"},\"datePublished\":\"2023-09-06T14:01:24+00:00\",\"dateModified\":\"2025-08-28T18:41:02+00:00\",\"breadcrumb\":{\"@id\":\"https:\/\/groupepourladanse.fr\/index.php\/sinscrire\/#breadcrumb\"},\"inLanguage\":\"en-US\",\"potentialAction\":[{\"@type\":\"ReadAction\",\"target\":[\"https:\/\/groupepourladanse.fr\/index.php\/sinscrire\/\"]}]},{\"@type\":\"BreadcrumbList\",\"@id\":\"https:\/\/groupepourladanse.fr\/index.php\/sinscrire\/#breadcrumb\",\"itemListElement\":[{\"@type\":\"ListItem\",\"position\":1,\"name\":\"Accueil\",\"item\":\"https:\/\/groupepourladanse.fr\/\"},{\"@type\":\"ListItem\",\"position\":2,\"name\":\"Inscriptions et contact\"}]},{\"@type\":\"WebSite\",\"@id\":\"https:\/\/groupepourladanse.fr\/#website\",\"url\":\"https:\/\/groupepourladanse.fr\/\",\"name\":\"Groupe pour la Danse\",\"description\":\"\",\"publisher\":{\"@id\":\"https:\/\/groupepourladanse.fr\/#organization\"},\"potentialAction\":[{\"@type\":\"SearchAction\",\"target\":{\"@type\":\"EntryPoint\",\"urlTemplate\":\"https:\/\/groupepourladanse.fr\/?s={search_term_string}\"},\"query-input\":{\"@type\":\"PropertyValueSpecification\",\"valueRequired\":true,\"valueName\":\"search_term_string\"}}],\"inLanguage\":\"en-US\"},{\"@type\":\"Organization\",\"@id\":\"https:\/\/groupepourladanse.fr\/#organization\",\"name\":\"Groupe pour la Danse\",\"url\":\"https:\/\/groupepourladanse.fr\/\",\"logo\":{\"@type\":\"ImageObject\",\"inLanguage\":\"en-US\",\"@id\":\"https:\/\/groupepourladanse.fr\/#\/schema\/logo\/image\/\",\"url\":\"https:\/\/groupepourladanse.fr\/wp-content\/uploads\/2023\/11\/LOGO_GROUPE_DANSE_RVB.png\",\"contentUrl\":\"https:\/\/groupepourladanse.fr\/wp-content\/uploads\/2023\/11\/LOGO_GROUPE_DANSE_RVB.png\",\"width\":2052,\"height\":2139,\"caption\":\"Groupe pour la Danse\"},\"image\":{\"@id\":\"https:\/\/groupepourladanse.fr\/#\/schema\/logo\/image\/\"}}]}<\/script>\n<!-- \/ Yoast SEO plugin. -->","yoast_head_json":{"title":"Inscriptions et contact - Groupe pour la Danse","robots":{"index":"index","follow":"follow","max-snippet":"max-snippet:-1","max-image-preview":"max-image-preview:large","max-video-preview":"max-video-preview:-1"},"canonical":"https:\/\/groupepourladanse.fr\/index.php\/sinscrire\/","og_locale":"en_US","og_type":"article","og_title":"Inscriptions et contact - Groupe pour la Danse","og_description":"Les inscriptions se d\u00e9roulent d\u00e9but septembre\u00a0: Si vous n\u2019\u00eates pas disponible, vous pouvez nous contacter directement par mail. Si vous h\u00e9sitez, vous pouvez \u00e9galement r\u00e9aliser un cours d\u2019essai gratuit pendant tout le mois de septembre&nbsp;! Pour toute demande d\u2019inscription ou de renseignement, vous pouvez nous contacter par mail \u00e0&nbsp;groupepourladanse@gmail.com","og_url":"https:\/\/groupepourladanse.fr\/index.php\/sinscrire\/","og_site_name":"Groupe pour la Danse","article_modified_time":"2025-08-28T18:41:02+00:00","twitter_card":"summary_large_image","twitter_misc":{"Est. reading time":"1 minute"},"schema":{"@context":"https:\/\/schema.org","@graph":[{"@type":"WebPage","@id":"https:\/\/groupepourladanse.fr\/index.php\/sinscrire\/","url":"https:\/\/groupepourladanse.fr\/index.php\/sinscrire\/","name":"Inscriptions et contact - Groupe pour la Danse","isPartOf":{"@id":"https:\/\/groupepourladanse.fr\/#website"},"datePublished":"2023-09-06T14:01:24+00:00","dateModified":"2025-08-28T18:41:02+00:00","breadcrumb":{"@id":"https:\/\/groupepourladanse.fr\/index.php\/sinscrire\/#breadcrumb"},"inLanguage":"en-US","potentialAction":[{"@type":"ReadAction","target":["https:\/\/groupepourladanse.fr\/index.php\/sinscrire\/"]}]},{"@type":"BreadcrumbList","@id":"https:\/\/groupepourladanse.fr\/index.php\/sinscrire\/#breadcrumb","itemListElement":[{"@type":"ListItem","position":1,"name":"Accueil","item":"https:\/\/groupepourladanse.fr\/"},{"@type":"ListItem","position":2,"name":"Inscriptions et contact"}]},{"@type":"WebSite","@id":"https:\/\/groupepourladanse.fr\/#website","url":"https:\/\/groupepourladanse.fr\/","name":"Groupe pour la Danse","description":"","publisher":{"@id":"https:\/\/groupepourladanse.fr\/#organization"},"potentialAction":[{"@type":"SearchAction","target":{"@type":"EntryPoint","urlTemplate":"https:\/\/groupepourladanse.fr\/?s={search_term_string}"},"query-input":{"@type":"PropertyValueSpecification","valueRequired":true,"valueName":"search_term_string"}}],"inLanguage":"en-US"},{"@type":"Organization","@id":"https:\/\/groupepourladanse.fr\/#organization","name":"Groupe pour la Danse","url":"https:\/\/groupepourladanse.fr\/","logo":{"@type":"ImageObject","inLanguage":"en-US","@id":"https:\/\/groupepourladanse.fr\/#\/schema\/logo\/image\/","url":"https:\/\/groupepourladanse.fr\/wp-content\/uploads\/2023\/11\/LOGO_GROUPE_DANSE_RVB.png","contentUrl":"https:\/\/groupepourladanse.fr\/wp-content\/uploads\/2023\/11\/LOGO_GROUPE_DANSE_RVB.png","width":2052,"height":2139,"caption":"Groupe pour la Danse"},"image":{"@id":"https:\/\/groupepourladanse.fr\/#\/schema\/logo\/image\/"}}]}},"_links":{"self":[{"href":"https:\/\/groupepourladanse.fr\/index.php\/wp-json\/wp\/v2\/pages\/285","targetHints":{"allow":["GET"]}}],"collection":[{"href":"https:\/\/groupepourladanse.fr\/index.php\/wp-json\/wp\/v2\/pages"}],"about":[{"href":"https:\/\/groupepourladanse.fr\/index.php\/wp-json\/wp\/v2\/types\/page"}],"author":[{"embeddable":true,"href":"https:\/\/groupepourladanse.fr\/index.php\/wp-json\/wp\/v2\/users\/1"}],"replies":[{"embeddable":true,"href":"https:\/\/groupepourladanse.fr\/index.php\/wp-json\/wp\/v2\/comments?post=285"}],"version-history":[{"count":11,"href":"https:\/\/groupepourladanse.fr\/index.php\/wp-json\/wp\/v2\/pages\/285\/revisions"}],"predecessor-version":[{"id":1226,"href":"https:\/\/groupepourladanse.fr\/index.php\/wp-json\/wp\/v2\/pages\/285\/revisions\/1226"}],"wp:attachment":[{"href":"https:\/\/groupepourladanse.fr\/index.php\/wp-json\/wp\/v2\/media?parent=285"}],"curies":[{"name":"wp","href":"https:\/\/api.w.org\/{rel}","templated":true}]}}