{"id":31,"date":"2023-08-30T14:33:27","date_gmt":"2023-08-30T12:33:27","guid":{"rendered":"https:\/\/groupepourladanse.fr\/?page_id=31"},"modified":"2025-08-28T20:38:09","modified_gmt":"2025-08-28T18:38:09","slug":"qui-sommes-nous","status":"publish","type":"page","link":"https:\/\/groupepourladanse.fr\/index.php\/qui-sommes-nous\/","title":{"rendered":"Qui sommes-nous ?"},"content":{"rendered":"\n<p>Groupe Pour la Danse est une association du quartier de Villaine \u00e0 Massy. Depuis septembre 1978, elle propose des cours de danse pour tous. Des styles de danse diff\u00e9rents pour les petits jusqu&#8217;aux plus grands. Que vous souhaitiez d\u00e9couvrir la danse ou bien confirmer votre passion, vous y trouverez un cours r\u00e9pondant \u00e0 votre attente.<\/p>\n\n\n\n<p>Depuis quelques ann\u00e9es nous proposons \u00e9galement des cours vous permettant de tonifier votre corps et\/ou vous octroyer une pause d\u00e9tente.<\/p>\n\n\n\n<div style=\"height:70px\" aria-hidden=\"true\" class=\"wp-block-spacer\"><\/div>\n\n\n\n<p><\/p>\n\n\n\n<p><\/p>\n\n\n<div class=\"wp-block-image\">\n<figure class=\"aligncenter size-large is-resized\"><img loading=\"lazy\" decoding=\"async\" width=\"982\" height=\"1024\" src=\"https:\/\/groupepourladanse.fr\/wp-content\/uploads\/2023\/11\/LOGO_GROUPE_DANSE_RVB-982x1024.png\" alt=\"\" class=\"wp-image-478\" style=\"width:324px;height:auto\" srcset=\"https:\/\/groupepourladanse.fr\/wp-content\/uploads\/2023\/11\/LOGO_GROUPE_DANSE_RVB-982x1024.png 982w, https:\/\/groupepourladanse.fr\/wp-content\/uploads\/2023\/11\/LOGO_GROUPE_DANSE_RVB-288x300.png 288w, https:\/\/groupepourladanse.fr\/wp-content\/uploads\/2023\/11\/LOGO_GROUPE_DANSE_RVB-768x801.png 768w, https:\/\/groupepourladanse.fr\/wp-content\/uploads\/2023\/11\/LOGO_GROUPE_DANSE_RVB-1474x1536.png 1474w, https:\/\/groupepourladanse.fr\/wp-content\/uploads\/2023\/11\/LOGO_GROUPE_DANSE_RVB-1965x2048.png 1965w\" sizes=\"auto, (max-width: 982px) 100vw, 982px\" \/><\/figure>\n<\/div>\n\n\n<div style=\"height:70px\" aria-hidden=\"true\" class=\"wp-block-spacer\"><\/div>\n\n\n\n<p><\/p>\n\n\n\n<p><\/p>\n\n\n\n<h2 class=\"wp-block-heading\">LE BUREAU<\/h2>\n\n\n\n<p>Le bureau de&nbsp;<strong>Groupe Pour la Danse<\/strong>&nbsp;est compos\u00e9 de 8&nbsp;b\u00e9n\u00e9voles, bien souvent&nbsp;adh\u00e9rent.e.s&nbsp;depuis de nombreuses ann\u00e9es \u00e0 l\u2019association.<\/p>\n\n\n\n<p>Chacun.e \u0153uvre tout au long de l\u2019ann\u00e9e pour proposer \u00e0 nos&nbsp;adh\u00e9rent.e.s,&nbsp;petit.e.s&nbsp;et&nbsp;grand.e.s, des cours de danse vari\u00e9s et accessibles.&nbsp;<\/p>\n\n\n\n<p><strong>Tiffany<\/strong>&nbsp;occupe le poste de secr\u00e9taire. Elle est second\u00e9e par une secr\u00e9taire adjointe&nbsp;<strong>No\u00e9mie<\/strong>.<\/p>\n\n\n\n<p>\u00c0 la tr\u00e9sorerie,&nbsp;<strong>Erell<\/strong>&nbsp;tient les comptes avec l\u2019aide d&#8217;une adjointe,&nbsp;<strong>Aur\u00e9lia<\/strong>.<\/p>\n\n\n\n<p><strong>Nicolas<\/strong>&nbsp;travaille sur les supports digitaux.<\/p>\n\n\n\n<p><strong>Sophie<\/strong>\u00a0est\u00a0sont b\u00e9n\u00e9vole.\u00a0<\/p>\n\n\n\n<p>Enfin, la pr\u00e9sidence est assur\u00e9e par&nbsp;<strong>Nad\u00e8ge<\/strong>.<\/p>\n\n\n\n<p>Les responsables de chaque fonction sont&nbsp;\u00e9lu.es&nbsp;\u00e0 l\u2019assembl\u00e9e g\u00e9n\u00e9rale qui a lieu chaque ann\u00e9e.<\/p>\n\n\n\n<div style=\"height:70px\" aria-hidden=\"true\" class=\"wp-block-spacer\"><\/div>\n","protected":false},"excerpt":{"rendered":"<p>Groupe Pour la Danse est une association du quartier de Villaine \u00e0 Massy. Depuis septembre 1978, elle propose des cours de danse pour tous. Des styles de danse diff\u00e9rents pour les petits jusqu&#8217;aux plus grands. Que vous souhaitiez d\u00e9couvrir la danse ou bien confirmer votre passion, vous y trouverez un [&hellip;]<\/p>\n","protected":false},"author":1,"featured_media":0,"parent":0,"menu_order":0,"comment_status":"closed","ping_status":"closed","template":"","meta":{"_themeisle_gutenberg_block_has_review":false,"footnotes":""},"class_list":["post-31","page","type-page","status-publish","hentry"],"yoast_head":"<!-- This site is optimized with the Yoast SEO plugin v25.9 - https:\/\/yoast.com\/wordpress\/plugins\/seo\/ -->\n<title>Qui sommes-nous ? - Groupe pour la Danse<\/title>\n<meta name=\"robots\" content=\"index, follow, max-snippet:-1, max-image-preview:large, max-video-preview:-1\" \/>\n<link rel=\"canonical\" href=\"https:\/\/groupepourladanse.fr\/index.php\/qui-sommes-nous\/\" \/>\n<meta property=\"og:locale\" content=\"en_US\" \/>\n<meta property=\"og:type\" content=\"article\" \/>\n<meta property=\"og:title\" content=\"Qui sommes-nous ? - Groupe pour la Danse\" \/>\n<meta property=\"og:description\" content=\"Groupe Pour la Danse est une association du quartier de Villaine \u00e0 Massy. Depuis septembre 1978, elle propose des cours de danse pour tous. Des styles de danse diff\u00e9rents pour les petits jusqu&#8217;aux plus grands. Que vous souhaitiez d\u00e9couvrir la danse ou bien confirmer votre passion, vous y trouverez un [&hellip;]\" \/>\n<meta property=\"og:url\" content=\"https:\/\/groupepourladanse.fr\/index.php\/qui-sommes-nous\/\" \/>\n<meta property=\"og:site_name\" content=\"Groupe pour la Danse\" \/>\n<meta property=\"article:modified_time\" content=\"2025-08-28T18:38:09+00:00\" \/>\n<meta property=\"og:image\" content=\"http:\/\/groupepourladanse.fr\/wp-content\/uploads\/2023\/11\/LOGO_GROUPE_DANSE_RVB-982x1024.png\" \/>\n<meta name=\"twitter:card\" content=\"summary_large_image\" \/>\n<meta name=\"twitter:label1\" content=\"Est. reading time\" \/>\n\t<meta name=\"twitter:data1\" content=\"1 minute\" \/>\n<script type=\"application\/ld+json\" class=\"yoast-schema-graph\">{\"@context\":\"https:\/\/schema.org\",\"@graph\":[{\"@type\":\"WebPage\",\"@id\":\"https:\/\/groupepourladanse.fr\/index.php\/qui-sommes-nous\/\",\"url\":\"https:\/\/groupepourladanse.fr\/index.php\/qui-sommes-nous\/\",\"name\":\"Qui sommes-nous ? - Groupe pour la Danse\",\"isPartOf\":{\"@id\":\"https:\/\/groupepourladanse.fr\/#website\"},\"primaryImageOfPage\":{\"@id\":\"https:\/\/groupepourladanse.fr\/index.php\/qui-sommes-nous\/#primaryimage\"},\"image\":{\"@id\":\"https:\/\/groupepourladanse.fr\/index.php\/qui-sommes-nous\/#primaryimage\"},\"thumbnailUrl\":\"http:\/\/groupepourladanse.fr\/wp-content\/uploads\/2023\/11\/LOGO_GROUPE_DANSE_RVB-982x1024.png\",\"datePublished\":\"2023-08-30T12:33:27+00:00\",\"dateModified\":\"2025-08-28T18:38:09+00:00\",\"breadcrumb\":{\"@id\":\"https:\/\/groupepourladanse.fr\/index.php\/qui-sommes-nous\/#breadcrumb\"},\"inLanguage\":\"en-US\",\"potentialAction\":[{\"@type\":\"ReadAction\",\"target\":[\"https:\/\/groupepourladanse.fr\/index.php\/qui-sommes-nous\/\"]}]},{\"@type\":\"ImageObject\",\"inLanguage\":\"en-US\",\"@id\":\"https:\/\/groupepourladanse.fr\/index.php\/qui-sommes-nous\/#primaryimage\",\"url\":\"http:\/\/groupepourladanse.fr\/wp-content\/uploads\/2023\/11\/LOGO_GROUPE_DANSE_RVB-982x1024.png\",\"contentUrl\":\"http:\/\/groupepourladanse.fr\/wp-content\/uploads\/2023\/11\/LOGO_GROUPE_DANSE_RVB-982x1024.png\"},{\"@type\":\"BreadcrumbList\",\"@id\":\"https:\/\/groupepourladanse.fr\/index.php\/qui-sommes-nous\/#breadcrumb\",\"itemListElement\":[{\"@type\":\"ListItem\",\"position\":1,\"name\":\"Accueil\",\"item\":\"https:\/\/groupepourladanse.fr\/\"},{\"@type\":\"ListItem\",\"position\":2,\"name\":\"Qui sommes-nous ?\"}]},{\"@type\":\"WebSite\",\"@id\":\"https:\/\/groupepourladanse.fr\/#website\",\"url\":\"https:\/\/groupepourladanse.fr\/\",\"name\":\"Groupe pour la Danse\",\"description\":\"\",\"publisher\":{\"@id\":\"https:\/\/groupepourladanse.fr\/#organization\"},\"potentialAction\":[{\"@type\":\"SearchAction\",\"target\":{\"@type\":\"EntryPoint\",\"urlTemplate\":\"https:\/\/groupepourladanse.fr\/?s={search_term_string}\"},\"query-input\":{\"@type\":\"PropertyValueSpecification\",\"valueRequired\":true,\"valueName\":\"search_term_string\"}}],\"inLanguage\":\"en-US\"},{\"@type\":\"Organization\",\"@id\":\"https:\/\/groupepourladanse.fr\/#organization\",\"name\":\"Groupe pour la Danse\",\"url\":\"https:\/\/groupepourladanse.fr\/\",\"logo\":{\"@type\":\"ImageObject\",\"inLanguage\":\"en-US\",\"@id\":\"https:\/\/groupepourladanse.fr\/#\/schema\/logo\/image\/\",\"url\":\"https:\/\/groupepourladanse.fr\/wp-content\/uploads\/2023\/11\/LOGO_GROUPE_DANSE_RVB.png\",\"contentUrl\":\"https:\/\/groupepourladanse.fr\/wp-content\/uploads\/2023\/11\/LOGO_GROUPE_DANSE_RVB.png\",\"width\":2052,\"height\":2139,\"caption\":\"Groupe pour la Danse\"},\"image\":{\"@id\":\"https:\/\/groupepourladanse.fr\/#\/schema\/logo\/image\/\"}}]}<\/script>\n<!-- \/ Yoast SEO plugin. -->","yoast_head_json":{"title":"Qui sommes-nous ? - Groupe pour la Danse","robots":{"index":"index","follow":"follow","max-snippet":"max-snippet:-1","max-image-preview":"max-image-preview:large","max-video-preview":"max-video-preview:-1"},"canonical":"https:\/\/groupepourladanse.fr\/index.php\/qui-sommes-nous\/","og_locale":"en_US","og_type":"article","og_title":"Qui sommes-nous ? - Groupe pour la Danse","og_description":"Groupe Pour la Danse est une association du quartier de Villaine \u00e0 Massy. Depuis septembre 1978, elle propose des cours de danse pour tous. Des styles de danse diff\u00e9rents pour les petits jusqu&#8217;aux plus grands. Que vous souhaitiez d\u00e9couvrir la danse ou bien confirmer votre passion, vous y trouverez un [&hellip;]","og_url":"https:\/\/groupepourladanse.fr\/index.php\/qui-sommes-nous\/","og_site_name":"Groupe pour la Danse","article_modified_time":"2025-08-28T18:38:09+00:00","og_image":[{"url":"http:\/\/groupepourladanse.fr\/wp-content\/uploads\/2023\/11\/LOGO_GROUPE_DANSE_RVB-982x1024.png","type":"","width":"","height":""}],"twitter_card":"summary_large_image","twitter_misc":{"Est. reading time":"1 minute"},"schema":{"@context":"https:\/\/schema.org","@graph":[{"@type":"WebPage","@id":"https:\/\/groupepourladanse.fr\/index.php\/qui-sommes-nous\/","url":"https:\/\/groupepourladanse.fr\/index.php\/qui-sommes-nous\/","name":"Qui sommes-nous ? - Groupe pour la Danse","isPartOf":{"@id":"https:\/\/groupepourladanse.fr\/#website"},"primaryImageOfPage":{"@id":"https:\/\/groupepourladanse.fr\/index.php\/qui-sommes-nous\/#primaryimage"},"image":{"@id":"https:\/\/groupepourladanse.fr\/index.php\/qui-sommes-nous\/#primaryimage"},"thumbnailUrl":"http:\/\/groupepourladanse.fr\/wp-content\/uploads\/2023\/11\/LOGO_GROUPE_DANSE_RVB-982x1024.png","datePublished":"2023-08-30T12:33:27+00:00","dateModified":"2025-08-28T18:38:09+00:00","breadcrumb":{"@id":"https:\/\/groupepourladanse.fr\/index.php\/qui-sommes-nous\/#breadcrumb"},"inLanguage":"en-US","potentialAction":[{"@type":"ReadAction","target":["https:\/\/groupepourladanse.fr\/index.php\/qui-sommes-nous\/"]}]},{"@type":"ImageObject","inLanguage":"en-US","@id":"https:\/\/groupepourladanse.fr\/index.php\/qui-sommes-nous\/#primaryimage","url":"http:\/\/groupepourladanse.fr\/wp-content\/uploads\/2023\/11\/LOGO_GROUPE_DANSE_RVB-982x1024.png","contentUrl":"http:\/\/groupepourladanse.fr\/wp-content\/uploads\/2023\/11\/LOGO_GROUPE_DANSE_RVB-982x1024.png"},{"@type":"BreadcrumbList","@id":"https:\/\/groupepourladanse.fr\/index.php\/qui-sommes-nous\/#breadcrumb","itemListElement":[{"@type":"ListItem","position":1,"name":"Accueil","item":"https:\/\/groupepourladanse.fr\/"},{"@type":"ListItem","position":2,"name":"Qui sommes-nous ?"}]},{"@type":"WebSite","@id":"https:\/\/groupepourladanse.fr\/#website","url":"https:\/\/groupepourladanse.fr\/","name":"Groupe pour la Danse","description":"","publisher":{"@id":"https:\/\/groupepourladanse.fr\/#organization"},"potentialAction":[{"@type":"SearchAction","target":{"@type":"EntryPoint","urlTemplate":"https:\/\/groupepourladanse.fr\/?s={search_term_string}"},"query-input":{"@type":"PropertyValueSpecification","valueRequired":true,"valueName":"search_term_string"}}],"inLanguage":"en-US"},{"@type":"Organization","@id":"https:\/\/groupepourladanse.fr\/#organization","name":"Groupe pour la Danse","url":"https:\/\/groupepourladanse.fr\/","logo":{"@type":"ImageObject","inLanguage":"en-US","@id":"https:\/\/groupepourladanse.fr\/#\/schema\/logo\/image\/","url":"https:\/\/groupepourladanse.fr\/wp-content\/uploads\/2023\/11\/LOGO_GROUPE_DANSE_RVB.png","contentUrl":"https:\/\/groupepourladanse.fr\/wp-content\/uploads\/2023\/11\/LOGO_GROUPE_DANSE_RVB.png","width":2052,"height":2139,"caption":"Groupe pour la Danse"},"image":{"@id":"https:\/\/groupepourladanse.fr\/#\/schema\/logo\/image\/"}}]}},"_links":{"self":[{"href":"https:\/\/groupepourladanse.fr\/index.php\/wp-json\/wp\/v2\/pages\/31","targetHints":{"allow":["GET"]}}],"collection":[{"href":"https:\/\/groupepourladanse.fr\/index.php\/wp-json\/wp\/v2\/pages"}],"about":[{"href":"https:\/\/groupepourladanse.fr\/index.php\/wp-json\/wp\/v2\/types\/page"}],"author":[{"embeddable":true,"href":"https:\/\/groupepourladanse.fr\/index.php\/wp-json\/wp\/v2\/users\/1"}],"replies":[{"embeddable":true,"href":"https:\/\/groupepourladanse.fr\/index.php\/wp-json\/wp\/v2\/comments?post=31"}],"version-history":[{"count":27,"href":"https:\/\/groupepourladanse.fr\/index.php\/wp-json\/wp\/v2\/pages\/31\/revisions"}],"predecessor-version":[{"id":1224,"href":"https:\/\/groupepourladanse.fr\/index.php\/wp-json\/wp\/v2\/pages\/31\/revisions\/1224"}],"wp:attachment":[{"href":"https:\/\/groupepourladanse.fr\/index.php\/wp-json\/wp\/v2\/media?parent=31"}],"curies":[{"name":"wp","href":"https:\/\/api.w.org\/{rel}","templated":true}]}}