{"id":789,"date":"2024-01-17T14:56:50","date_gmt":"2024-01-17T13:56:50","guid":{"rendered":"https:\/\/groupepourladanse.fr\/?page_id=789"},"modified":"2026-02-11T19:51:29","modified_gmt":"2026-02-11T18:51:29","slug":"stages","status":"publish","type":"page","link":"https:\/\/groupepourladanse.fr\/index.php\/stages\/","title":{"rendered":"Stages"},"content":{"rendered":"\n<h1 class=\"wp-block-heading has-text-align-center\"><em><strong>Partageons un moment de danse pendant<\/strong><\/em> <em><strong>les stages des vacances d&#8217;hiver !<\/strong><\/em><\/h1>\n\n\n\n<hr class=\"wp-block-separator has-alpha-channel-opacity\"\/>\n\n\n\n<p>Les stages se d\u00e9roulent dans le quartier Massy Villaine. <br>Salle H\u00e9l\u00e8ne Oudoux, 5 all\u00e9e Albert Thomas, sur le c\u00f4t\u00e9 de la m\u00e9diath\u00e8que.<\/p>\n\n\n\n<p><em><strong>Sous r\u00e9serve d&#8217;un nombre suffisant de participants.<\/strong><\/em><\/p>\n\n\n\n<p>Inscriptions et r\u00e8glement sur la page HelloAsso<sup><a href=\"#footnote\">1<\/a><\/sup> <a href=\"https:\/\/www.helloasso.com\/associations\/groupe-pour-la-danse\">Groupe Pour la Danse<\/a>&nbsp;ou en cliquant sur le bouton &#8220;Participer&#8221; de chaque stage.<\/p>\n\n\n\n<p>Contact et renseignements :&nbsp;<a href=\"mailto:groupepourladanse@gmail.com\" target=\"_blank\" rel=\"noreferrer noopener\">groupepourladanse@gmail.com<\/a><\/p>\n\n\n\n<hr class=\"wp-block-separator has-alpha-channel-opacity\"\/>\n\n\n\n<h2 class=\"wp-block-heading\"><strong>Mardi 3 mars 2026<\/strong><\/h2>\n\n\n\n<div style=\"width:100%;display:flex; flex-wrap:wrap; flex-direction:row\">\n<div style=\"width:72%;\"><h3 style=\"margin-left:0;margin-bottom:0;\">19h30 &#8211; 21h : <b>House Dance<\/b> <i>avec Dominique<\/i><\/h3><p>Initiez-vous \u00e0 la House Dance, une danse de rue freestyle et sociale, g\u00e9n\u00e9ralement dans\u00e9e sur de la musique \u00e9lectronique.\n<br>\nTous niveaux &#8211; D\u00e8s 16 ans<br>\nTarif : 18 \u20ac<\/p><\/div>\n<div style=\"width:200px\">\n<iframe id=\"haWidget\" allowtransparency=\"true\" src=\"https:\/\/www.helloasso.com\/associations\/groupe-pour-la-danse\/evenements\/stage-house-danse-mardi-3-mars-2026\/widget-bouton\" style=\"width: 100%; height: 70px; border: none;\" onload=\"window.addEventListener( 'message', function(e) { const dataHeight = e.data.height; const haWidgetElement = document.getElementById('haWidget'); haWidgetElement.height = dataHeight + 'px'; } )\" ><\/iframe><\/div>\n<\/div>\n\n\n\n<hr class=\"wp-block-separator has-alpha-channel-opacity\"\/>\n\n\n\n<h2 class=\"wp-block-heading\"><strong><strong>Mercredi 4 mars 2026<\/strong><\/strong><\/h2>\n\n\n\n<div style=\"width:100%;display:flex; flex-wrap:wrap; flex-direction:row\">\n<div style=\"width:72%;\"><h3 style=\"margin-left:0;margin-bottom:0;\">18h &#8211; 19h : <b>Stretching et souplesse<\/b> <i>avec Elie<\/i><\/h3><p>Un moment pour am\u00e9liorer votre mobilit\u00e9 articulaire, gagner en souplesse et rel\u00e2cher les tensions<br>\nTous niveaux &#8211; D\u00e8s 16 ans<br>\nTarif : 13\u20ac<\/p><\/div>\n<div style=\"width:200px\">\n<iframe id=\"haWidget\" allowtransparency=\"true\" src=\"https:\/\/www.helloasso.com\/associations\/groupe-pour-la-danse\/evenements\/stage-stretching-et-souplesse-mercredi-4-mars-2026\/widget-bouton\" style=\"width: 100%; height: 70px; border: none;\" onload=\"window.addEventListener( 'message', function(e) { const dataHeight = e.data.height; const haWidgetElement = document.getElementById('haWidget'); haWidgetElement.height = dataHeight + 'px'; } )\" ><\/iframe><\/div>\n<div style=\"width:72%;\"><h3 style=\"margin-left:0;margin-bottom:0;\">19h &#8211; 20h : <b>Yogilates<\/b> <i>avec Elie<\/i><\/h3><p>En m\u00e9langeant le Yoga et le Pilates, vous renforcez les muscles en douceur tout en incorporant des postures et la philosophie du Yoga.<br>\nTous niveaux &#8211; D\u00e8s 16 ans<br>\nTarif : 13 \u20ac<\/p><\/div>\n<div style=\"width:200px\">\n<iframe id=\"haWidget\" allowtransparency=\"true\" src=\"https:\/\/www.helloasso.com\/associations\/groupe-pour-la-danse\/evenements\/stage-yogilates-mercredi-4-mars-2026\/widget-bouton\" style=\"width: 100%; height: 70px; border: none;\" onload=\"window.addEventListener( 'message', function(e) { const dataHeight = e.data.height; const haWidgetElement = document.getElementById('haWidget'); haWidgetElement.height = dataHeight + 'px'; } )\" ><\/iframe><\/div>\n<div style=\"width:72%;\"><h3 style=\"margin-left:0;margin-bottom:0;\">20h30 &#8211; 22h : <b>Modern Jazz<\/b> <i>avec Val\u00e9rie<\/i><\/h3><p>Le temps d&#8217;une soir\u00e9e, pratiquez cette danse d&#8217;expression issue d&#8217;un m\u00e9tissage entre plusieurs danses, africaines, classique, indiennes, modern dance.<br>\nTous niveaux &#8211; D\u00e8s 16 ans<br>\nTarif : 18 \u20ac<\/p><\/div>\n<div style=\"width:200px\">\n<iframe id=\"haWidget\" allowtransparency=\"true\" src=\"https:\/\/www.helloasso.com\/associations\/groupe-pour-la-danse\/evenements\/stage-modern-jazz-mercredi-4-mars-2026\/widget-bouton\" style=\"width: 100%; height: 70px; border: none;\" onload=\"window.addEventListener( 'message', function(e) { const dataHeight = e.data.height; const haWidgetElement = document.getElementById('haWidget'); haWidgetElement.height = dataHeight + 'px'; } )\" ><\/iframe><\/div>\n<\/div>\n\n\n\n<hr class=\"wp-block-separator has-alpha-channel-opacity\"\/>\n\n\n\n<h2 class=\"wp-block-heading\"><strong>Jeudi 5 mars 2026<\/strong><\/h2>\n\n\n\n<div style=\"width:100%;display:flex; flex-wrap:wrap; flex-direction:row\">\n<div style=\"width:72%;\"><h3 style=\"margin-left:0;margin-bottom:0;\">20h45 &#8211; 22h15 : <b>Rock<\/b> <i>avec Lars<\/i><\/h3><p>D\u00e9couvrez cette danse mythique des ann\u00e9es 50, \u00e9nergique et expressive, \u00e0 pratiquer en duo sur des musiques alliant tradition et modernit\u00e9.   <br>\nTous niveaux &#8211; D\u00e8s 16 ans<br>\nTarif : 18\u20ac<\/p><\/div>\n<div style=\"width:200px\">\n<iframe id=\"haWidget\" allowtransparency=\"true\" src=\"https:\/\/www.helloasso.com\/associations\/groupe-pour-la-danse\/evenements\/stage-rock-jeudi-5-mars-2026\/widget-bouton\" style=\"width: 100%; height: 70px; border: none;\" onload=\"window.addEventListener( 'message', function(e) { const dataHeight = e.data.height; const haWidgetElement = document.getElementById('haWidget'); haWidgetElement.height = dataHeight + 'px'; } )\" ><\/iframe><\/div>\n<\/div>\n\n\n\n<hr class=\"wp-block-separator has-alpha-channel-opacity\"\/>\n\n\n\n\n\n\n\n\n\n\n\n\n\n\n\n\n\n\n\n\n\n<p style=\"font-style:italic;font-size:110%;\">\u00c0 bient\u00f4t pour ces beaux moments de danse \u00e0 venir !<\/p>\n\n\n\n<hr class=\"wp-block-separator has-alpha-channel-opacity\"\/>\n\n\n\n<p id=\"footnote\" style=\"font-size:75%;margin-bottom:3em;\"><a href=\"#\">1<\/a> &#8211; HelloAsso est une entreprise sociale et solidaire, qui nous fournit gratuitement ses technologies de paiement. Une contribution au fonctionnement de HelloAsso, modifiable et facultative, vous sera propos\u00e9e avant la validation de votre paiement.<\/p>\n\n\n\n<p><\/p>\n","protected":false},"excerpt":{"rendered":"<p>Partageons un moment de danse pendant les stages des vacances d&#8217;hiver ! Les stages se d\u00e9roulent dans le quartier Massy Villaine. Salle H\u00e9l\u00e8ne Oudoux, 5 all\u00e9e Albert Thomas, sur le c\u00f4t\u00e9 de la m\u00e9diath\u00e8que. Sous r\u00e9serve d&#8217;un nombre suffisant de participants. Inscriptions et r\u00e8glement sur la page HelloAsso1 Groupe Pour [&hellip;]<\/p>\n","protected":false},"author":1,"featured_media":0,"parent":0,"menu_order":0,"comment_status":"closed","ping_status":"closed","template":"","meta":{"_themeisle_gutenberg_block_has_review":false,"footnotes":""},"class_list":["post-789","page","type-page","status-publish","hentry"],"yoast_head":"<!-- This site is optimized with the Yoast SEO plugin v25.9 - https:\/\/yoast.com\/wordpress\/plugins\/seo\/ -->\n<title>Stages - Groupe pour la Danse<\/title>\n<meta name=\"robots\" content=\"index, follow, max-snippet:-1, max-image-preview:large, max-video-preview:-1\" \/>\n<link rel=\"canonical\" href=\"https:\/\/groupepourladanse.fr\/index.php\/stages\/\" \/>\n<meta property=\"og:locale\" content=\"en_US\" \/>\n<meta property=\"og:type\" content=\"article\" \/>\n<meta property=\"og:title\" content=\"Stages - Groupe pour la Danse\" \/>\n<meta property=\"og:description\" content=\"Partageons un moment de danse pendant les stages des vacances d&#8217;hiver ! Les stages se d\u00e9roulent dans le quartier Massy Villaine. Salle H\u00e9l\u00e8ne Oudoux, 5 all\u00e9e Albert Thomas, sur le c\u00f4t\u00e9 de la m\u00e9diath\u00e8que. Sous r\u00e9serve d&#8217;un nombre suffisant de participants. Inscriptions et r\u00e8glement sur la page HelloAsso1 Groupe Pour [&hellip;]\" \/>\n<meta property=\"og:url\" content=\"https:\/\/groupepourladanse.fr\/index.php\/stages\/\" \/>\n<meta property=\"og:site_name\" content=\"Groupe pour la Danse\" \/>\n<meta property=\"article:modified_time\" content=\"2026-02-11T18:51:29+00:00\" \/>\n<meta name=\"twitter:card\" content=\"summary_large_image\" \/>\n<meta name=\"twitter:label1\" content=\"Est. reading time\" \/>\n\t<meta name=\"twitter:data1\" content=\"2 minutes\" \/>\n<script type=\"application\/ld+json\" class=\"yoast-schema-graph\">{\"@context\":\"https:\/\/schema.org\",\"@graph\":[{\"@type\":\"WebPage\",\"@id\":\"https:\/\/groupepourladanse.fr\/index.php\/stages\/\",\"url\":\"https:\/\/groupepourladanse.fr\/index.php\/stages\/\",\"name\":\"Stages - Groupe pour la Danse\",\"isPartOf\":{\"@id\":\"https:\/\/groupepourladanse.fr\/#website\"},\"datePublished\":\"2024-01-17T13:56:50+00:00\",\"dateModified\":\"2026-02-11T18:51:29+00:00\",\"breadcrumb\":{\"@id\":\"https:\/\/groupepourladanse.fr\/index.php\/stages\/#breadcrumb\"},\"inLanguage\":\"en-US\",\"potentialAction\":[{\"@type\":\"ReadAction\",\"target\":[\"https:\/\/groupepourladanse.fr\/index.php\/stages\/\"]}]},{\"@type\":\"BreadcrumbList\",\"@id\":\"https:\/\/groupepourladanse.fr\/index.php\/stages\/#breadcrumb\",\"itemListElement\":[{\"@type\":\"ListItem\",\"position\":1,\"name\":\"Accueil\",\"item\":\"https:\/\/groupepourladanse.fr\/\"},{\"@type\":\"ListItem\",\"position\":2,\"name\":\"Stages\"}]},{\"@type\":\"WebSite\",\"@id\":\"https:\/\/groupepourladanse.fr\/#website\",\"url\":\"https:\/\/groupepourladanse.fr\/\",\"name\":\"Groupe pour la Danse\",\"description\":\"\",\"publisher\":{\"@id\":\"https:\/\/groupepourladanse.fr\/#organization\"},\"potentialAction\":[{\"@type\":\"SearchAction\",\"target\":{\"@type\":\"EntryPoint\",\"urlTemplate\":\"https:\/\/groupepourladanse.fr\/?s={search_term_string}\"},\"query-input\":{\"@type\":\"PropertyValueSpecification\",\"valueRequired\":true,\"valueName\":\"search_term_string\"}}],\"inLanguage\":\"en-US\"},{\"@type\":\"Organization\",\"@id\":\"https:\/\/groupepourladanse.fr\/#organization\",\"name\":\"Groupe pour la Danse\",\"url\":\"https:\/\/groupepourladanse.fr\/\",\"logo\":{\"@type\":\"ImageObject\",\"inLanguage\":\"en-US\",\"@id\":\"https:\/\/groupepourladanse.fr\/#\/schema\/logo\/image\/\",\"url\":\"https:\/\/groupepourladanse.fr\/wp-content\/uploads\/2023\/11\/LOGO_GROUPE_DANSE_RVB.png\",\"contentUrl\":\"https:\/\/groupepourladanse.fr\/wp-content\/uploads\/2023\/11\/LOGO_GROUPE_DANSE_RVB.png\",\"width\":2052,\"height\":2139,\"caption\":\"Groupe pour la Danse\"},\"image\":{\"@id\":\"https:\/\/groupepourladanse.fr\/#\/schema\/logo\/image\/\"}}]}<\/script>\n<!-- \/ Yoast SEO plugin. -->","yoast_head_json":{"title":"Stages - Groupe pour la Danse","robots":{"index":"index","follow":"follow","max-snippet":"max-snippet:-1","max-image-preview":"max-image-preview:large","max-video-preview":"max-video-preview:-1"},"canonical":"https:\/\/groupepourladanse.fr\/index.php\/stages\/","og_locale":"en_US","og_type":"article","og_title":"Stages - Groupe pour la Danse","og_description":"Partageons un moment de danse pendant les stages des vacances d&#8217;hiver ! Les stages se d\u00e9roulent dans le quartier Massy Villaine. Salle H\u00e9l\u00e8ne Oudoux, 5 all\u00e9e Albert Thomas, sur le c\u00f4t\u00e9 de la m\u00e9diath\u00e8que. Sous r\u00e9serve d&#8217;un nombre suffisant de participants. Inscriptions et r\u00e8glement sur la page HelloAsso1 Groupe Pour [&hellip;]","og_url":"https:\/\/groupepourladanse.fr\/index.php\/stages\/","og_site_name":"Groupe pour la Danse","article_modified_time":"2026-02-11T18:51:29+00:00","twitter_card":"summary_large_image","twitter_misc":{"Est. reading time":"2 minutes"},"schema":{"@context":"https:\/\/schema.org","@graph":[{"@type":"WebPage","@id":"https:\/\/groupepourladanse.fr\/index.php\/stages\/","url":"https:\/\/groupepourladanse.fr\/index.php\/stages\/","name":"Stages - Groupe pour la Danse","isPartOf":{"@id":"https:\/\/groupepourladanse.fr\/#website"},"datePublished":"2024-01-17T13:56:50+00:00","dateModified":"2026-02-11T18:51:29+00:00","breadcrumb":{"@id":"https:\/\/groupepourladanse.fr\/index.php\/stages\/#breadcrumb"},"inLanguage":"en-US","potentialAction":[{"@type":"ReadAction","target":["https:\/\/groupepourladanse.fr\/index.php\/stages\/"]}]},{"@type":"BreadcrumbList","@id":"https:\/\/groupepourladanse.fr\/index.php\/stages\/#breadcrumb","itemListElement":[{"@type":"ListItem","position":1,"name":"Accueil","item":"https:\/\/groupepourladanse.fr\/"},{"@type":"ListItem","position":2,"name":"Stages"}]},{"@type":"WebSite","@id":"https:\/\/groupepourladanse.fr\/#website","url":"https:\/\/groupepourladanse.fr\/","name":"Groupe pour la Danse","description":"","publisher":{"@id":"https:\/\/groupepourladanse.fr\/#organization"},"potentialAction":[{"@type":"SearchAction","target":{"@type":"EntryPoint","urlTemplate":"https:\/\/groupepourladanse.fr\/?s={search_term_string}"},"query-input":{"@type":"PropertyValueSpecification","valueRequired":true,"valueName":"search_term_string"}}],"inLanguage":"en-US"},{"@type":"Organization","@id":"https:\/\/groupepourladanse.fr\/#organization","name":"Groupe pour la Danse","url":"https:\/\/groupepourladanse.fr\/","logo":{"@type":"ImageObject","inLanguage":"en-US","@id":"https:\/\/groupepourladanse.fr\/#\/schema\/logo\/image\/","url":"https:\/\/groupepourladanse.fr\/wp-content\/uploads\/2023\/11\/LOGO_GROUPE_DANSE_RVB.png","contentUrl":"https:\/\/groupepourladanse.fr\/wp-content\/uploads\/2023\/11\/LOGO_GROUPE_DANSE_RVB.png","width":2052,"height":2139,"caption":"Groupe pour la Danse"},"image":{"@id":"https:\/\/groupepourladanse.fr\/#\/schema\/logo\/image\/"}}]}},"_links":{"self":[{"href":"https:\/\/groupepourladanse.fr\/index.php\/wp-json\/wp\/v2\/pages\/789","targetHints":{"allow":["GET"]}}],"collection":[{"href":"https:\/\/groupepourladanse.fr\/index.php\/wp-json\/wp\/v2\/pages"}],"about":[{"href":"https:\/\/groupepourladanse.fr\/index.php\/wp-json\/wp\/v2\/types\/page"}],"author":[{"embeddable":true,"href":"https:\/\/groupepourladanse.fr\/index.php\/wp-json\/wp\/v2\/users\/1"}],"replies":[{"embeddable":true,"href":"https:\/\/groupepourladanse.fr\/index.php\/wp-json\/wp\/v2\/comments?post=789"}],"version-history":[{"count":160,"href":"https:\/\/groupepourladanse.fr\/index.php\/wp-json\/wp\/v2\/pages\/789\/revisions"}],"predecessor-version":[{"id":1270,"href":"https:\/\/groupepourladanse.fr\/index.php\/wp-json\/wp\/v2\/pages\/789\/revisions\/1270"}],"wp:attachment":[{"href":"https:\/\/groupepourladanse.fr\/index.php\/wp-json\/wp\/v2\/media?parent=789"}],"curies":[{"name":"wp","href":"https:\/\/api.w.org\/{rel}","templated":true}]}}